{"id":1446,"date":"2025-06-24T06:13:40","date_gmt":"2025-06-24T06:13:40","guid":{"rendered":"https:\/\/visionzone.designswebs.com\/airtiger\/?page_id=1446"},"modified":"2025-06-24T06:25:46","modified_gmt":"2025-06-24T06:25:46","slug":"switzerland","status":"publish","type":"page","link":"https:\/\/visionzone.designswebs.com\/airtiger\/office-locator\/switzerland\/","title":{"rendered":"Switzerland"},"content":{"rendered":"\t\t<div data-elementor-type=\"wp-page\" data-elementor-id=\"1446\" class=\"elementor elementor-1446\" data-elementor-post-type=\"page\">\n\t\t\t\t<div class=\"elementor-element elementor-element-33ca2ac0 e-flex e-con-boxed e-con e-parent\" data-id=\"33ca2ac0\" data-element_type=\"container\" data-settings=\"{&quot;background_background&quot;:&quot;classic&quot;}\">\n\t\t\t\t\t<div class=\"e-con-inner\">\n\t\t<div class=\"elementor-element elementor-element-35bfeae8 e-con-full e-flex e-con e-child\" data-id=\"35bfeae8\" data-element_type=\"container\">\n\t\t<div class=\"elementor-element elementor-element-2f5af816 e-con-full e-flex e-con e-child\" data-id=\"2f5af816\" data-element_type=\"container\">\n\t\t\t\t<div class=\"elementor-element elementor-element-1c8a8bc elementor-widget__width-inherit elementor-widget elementor-widget-elementskit-heading\" data-id=\"1c8a8bc\" data-element_type=\"widget\" data-widget_type=\"elementskit-heading.default\">\n\t\t\t\t<div class=\"elementor-widget-container\">\n\t\t\t\t\t<div class=\"ekit-wid-con\" ><div class=\"ekit-heading elementskit-section-title-wraper text_center   ekit_heading_tablet-   ekit_heading_mobile-\"><\/div><\/div>\t\t\t\t<\/div>\n\t\t\t\t<\/div>\n\t\t\t\t<\/div>\n\t\t\t\t<\/div>\n\t\t\t\t\t<\/div>\n\t\t\t\t<\/div>\n\t\t<div class=\"elementor-element elementor-element-4b9d382 e-flex e-con-boxed e-con e-parent\" data-id=\"4b9d382\" data-element_type=\"container\">\n\t\t\t\t\t<div class=\"e-con-inner\">\n\t\t\t\t<div class=\"elementor-element elementor-element-fa706e1 elementor-widget elementor-widget-html\" data-id=\"fa706e1\" data-element_type=\"widget\" data-widget_type=\"html.default\">\n\t\t\t\t<div class=\"elementor-widget-container\">\n\t\t\t\t\t<!DOCTYPE html>\r\n<html lang=\"en\">\r\n<head>\r\n  <meta charset=\"UTF-8\" \/>\r\n  <meta name=\"viewport\" content=\"width=device-width, initial-scale=1.0\"\/>\r\n  <title>Office Locations<\/title>\r\n  <style>\r\n    .tabs { display: flex; justify-content: center; gap: 20px; margin-bottom: 20px; flex-wrap: wrap; }\r\n    .tab-button { padding: 10px 20px; border: 2px solid #fa752a; background: #fff; color: #fa752a; cursor: pointer; border-radius: 5px; font-weight: bold; transition: 0.3s; }\r\n    .tab-button.active, .tab-button:hover { background: #fa752a; color: #fff; }\r\n    .location { display: none; background: #fff; padding: 20px; margin: 0 auto 30px; max-width: 1000px; box-shadow: 0 2px 6px #fa752a; border: 2px solid #fa752a; border-radius: 10px; }\r\n    .location.active { display: block; }\r\n    .address p { margin: 0 0 10px; color: #333; }\r\n    .contact-table { max-height: 400px; overflow-y: auto; margin-top: 15px; }\r\n    .contact-table table { width: 100%; border-collapse: collapse; }\r\n    .contact-table th, .contact-table td { border: 1px solid #ddd; padding: 10px; vertical-align: middle; text-align: center; }\r\n    .contact-table th { background: #003366; color: #fff; }\r\n    .textboldblue { font-weight: bold; color: #003366; }\r\n    a { color: #0056b3; text-decoration: none; }\r\n    a:hover { text-decoration: underline; }\r\n    @media (max-width: 768px) {\r\n      .tabs { flex-direction: column; align-items: center; }\r\n      .tab-button { width: 100%; margin-bottom: 10px; }\r\n      .contact-table table, .contact-table th, .contact-table td { font-size: 13px; }\r\n    }\r\n  <\/style>\r\n<\/head>\r\n<body>\r\n\r\n  <div class=\"tabs\">\r\n    <div class=\"tab-button active\" data-tab=\"rumlang\">R\u00fcmlang<\/div>\r\n    <div class=\"tab-button\" data-tab=\"zurich\">Zurich<\/div>\r\n  <\/div>\r\n\r\n  <!-- R\u00fcmlang -->\r\n  <div class=\"location active\" id=\"rumlang\">\r\n    <h2>R\u00fcmlang, Switzerland<\/h2>\r\n    <div class=\"address\">\r\n      <p>\r\n        <strong class=\"textboldblue\">Transco Suisse AG (FOR OCEAN AND AIRFREIGHT)<\/strong><br>\r\n        Wibachstrasse 15<br>\r\n        CH-8153 R\u00fcmlang<br>\r\n        Switzerland<br>\r\n        Tel: <a href=\"tel:+41448176100\">(41) 44 817 61 00<\/a><br>\r\n        Fax: <a href=\"fax:+41448176161\">(41) 44 817 61 61<\/a><br>\r\n        Website: <a href=\"http:\/\/www.transco.eu\" target=\"_blank\">www.transco.eu<\/a><br>\r\n        E-mail: <a href=\"mailto:info@ch.transco.eu\">info@ch.transco.eu<\/a>\r\n      <\/p>\r\n    <\/div>\r\n    <div class=\"contact-table\">\r\n      <table>\r\n        <thead><tr><th>Name & Position<\/th><\/tr><\/thead>\r\n        <tbody>\r\n          <tr><td>Mr Patrick Stoeckli \u2013 MANAGEMENT \/ SALES \/ ACCOUNTING \/ AIR & SEA<br>Tel: <a href=\"tel:+41448176101\">(41) 44 817 61 01<\/a><br>Mobile: <a href=\"tel:+41795615536\">(41) 79 561 55 36<\/a><br><a href=\"mailto:patrick.stoeckli@ch.transco.eu\">patrick.stoeckli@ch.transco.eu<\/a><\/td><\/tr>\r\n          <tr><td>Mr Peter Straub \u2013 OCEAN FREIGHT - IMPORT & EXPORT<br>Tel: <a href=\"tel:+41448176120\">(41) 44 817 61 20<\/a><br>Mobile: <a href=\"tel:+41793156968\">(41) 79 315 69 68<\/a><br><a href=\"mailto:peter.straub@ch.transco.eu\">peter.straub@ch.transco.eu<\/a><\/td><\/tr>\r\n          <tr><td>Mr Peter Straub \u2013 AIR FREIGHT - IMPORT & EXPORT<br>Tel: <a href=\"tel:+41448176120\">(41) 44 817 61 20<\/a><br>Mobile: <a href=\"tel:+41793156968\">(41) 79 315 69 68<\/a><br><a href=\"mailto:peter.straub@ch.transco.eu\">peter.straub@ch.transco.eu<\/a><\/td><\/tr>\r\n        <\/tbody>\r\n      <\/table>\r\n    <\/div>\r\n  <\/div>\r\n\r\n  <!-- Zurich -->\r\n  <div class=\"location\" id=\"zurich\">\r\n    <h2>Zurich, Switzerland<\/h2>\r\n    <div class=\"address\">\r\n      <p>\r\n        <strong class=\"textboldblue\">SCHNEIDER + Co LTD (AIR FREIGHT)<\/strong><br>\r\n        Oberfeldstrasse 14<br>\r\n        CH - 8302 Kloten (Zurich Airport)<br>\r\n        Switzerland<br>\r\n        Tel: <a href=\"tel:+41448001717\">(41) 44 800 17 17<\/a><br>\r\n        Fax: <a href=\"fax:+41448001718\">(41) 44 800 17 18<\/a><br>\r\n        E-mail: <a href=\"mailto:zuerich-apt@schneider-transport.com\">zuerich-apt@schneider-transport.com<\/a>\r\n      <\/p>\r\n    <\/div>\r\n    <div class=\"contact-table\">\r\n      <table>\r\n        <thead><tr><th>Name & Position<\/th><\/tr><\/thead>\r\n        <tbody>\r\n          <tr><td>Mr Werner Weber \u2013 OPERATION MANAGER<br>Tel: <a href=\"tel:+41448001730\">(41) 44 800 17 30<\/a><br>Mobile: <a href=\"tel:+41794610446\">(41) 79 461 04 46<\/a><br><a href=\"mailto:wweber@schneider-transport.com\">wweber@schneider-transport.com<\/a><\/td><\/tr>\r\n          <tr><td>Mr Sinas Bertschi \u2013 EXPORT<br>Tel: <a href=\"tel:+41448001704\">(41) 44 800 17 04<\/a><br>Mobile: <a href=\"tel:+41792247002\">(41) 79 224 70 02<\/a><br><a href=\"mailto:sbertschi@schneider-transport.com\">sbertschi@schneider-transport.com<\/a><\/td><\/tr>\r\n          <tr><td>Mr Andreas Maurer \u2013 IMPORT<br>Tel: <a href=\"tel:+41448001743\">(41) 44 800 17 43<\/a><br><a href=\"mailto:amaurer@schneider-transport.com\">amaurer@schneider-transport.com<\/a><\/td><\/tr>\r\n          <tr><td>Mr Werner Weber \u2013 SALES<br>Tel: <a href=\"tel:+41448001730\">(41) 44 800 17 30<\/a><br>Mobile: <a href=\"tel:+41794610446\">(41) 79 461 04 46<\/a><br><a href=\"mailto:wweber@schneider-transport.com\">wweber@schneider-transport.com<\/a><\/td><\/tr>\r\n        <\/tbody>\r\n      <\/table>\r\n    <\/div>\r\n  <\/div>\r\n\r\n  <script>\r\n    const tabs = document.querySelectorAll('.tab-button');\r\n    const locs = document.querySelectorAll('.location');\r\n\r\n    tabs.forEach(tab => {\r\n      tab.addEventListener('click', () => {\r\n        tabs.forEach(t => t.classList.remove('active'));\r\n        tab.classList.add('active');\r\n        locs.forEach(l => l.classList.toggle('active', l.id === tab.dataset.tab));\r\n      });\r\n    });\r\n  <\/script>\r\n\r\n<\/body>\r\n<\/html>\t\t\t\t<\/div>\n\t\t\t\t<\/div>\n\t\t\t\t\t<\/div>\n\t\t\t\t<\/div>\n\t\t\t\t<\/div>\n\t\t","protected":false},"excerpt":{"rendered":"<p>Office Locations R\u00fcmlang Zurich R\u00fcmlang, Switzerland Transco Suisse AG (FOR OCEAN AND AIRFREIGHT) Wibachstrasse 15 CH-8153 R\u00fcmlang Switzerland Tel: (41) 44 817 61 00 Fax: (41) 44 817 61 61 Website: www.transco.eu E-mail: info@ch.transco.eu Name &#038; Position Mr Patrick Stoeckli \u2013 MANAGEMENT \/ SALES \/ ACCOUNTING \/ AIR &#038; SEATel: (41) 44 817 61 01Mobile: [&hellip;]<\/p>\n","protected":false},"author":1,"featured_media":0,"parent":1004,"menu_order":0,"comment_status":"closed","ping_status":"closed","template":"","meta":{"footnotes":""},"class_list":["post-1446","page","type-page","status-publish","hentry"],"_links":{"self":[{"href":"https:\/\/visionzone.designswebs.com\/airtiger\/wp-json\/wp\/v2\/pages\/1446","targetHints":{"allow":["GET"]}}],"collection":[{"href":"https:\/\/visionzone.designswebs.com\/airtiger\/wp-json\/wp\/v2\/pages"}],"about":[{"href":"https:\/\/visionzone.designswebs.com\/airtiger\/wp-json\/wp\/v2\/types\/page"}],"author":[{"embeddable":true,"href":"https:\/\/visionzone.designswebs.com\/airtiger\/wp-json\/wp\/v2\/users\/1"}],"replies":[{"embeddable":true,"href":"https:\/\/visionzone.designswebs.com\/airtiger\/wp-json\/wp\/v2\/comments?post=1446"}],"version-history":[{"count":4,"href":"https:\/\/visionzone.designswebs.com\/airtiger\/wp-json\/wp\/v2\/pages\/1446\/revisions"}],"predecessor-version":[{"id":1462,"href":"https:\/\/visionzone.designswebs.com\/airtiger\/wp-json\/wp\/v2\/pages\/1446\/revisions\/1462"}],"up":[{"embeddable":true,"href":"https:\/\/visionzone.designswebs.com\/airtiger\/wp-json\/wp\/v2\/pages\/1004"}],"wp:attachment":[{"href":"https:\/\/visionzone.designswebs.com\/airtiger\/wp-json\/wp\/v2\/media?parent=1446"}],"curies":[{"name":"wp","href":"https:\/\/api.w.org\/{rel}","templated":true}]}}